{"id":530,"date":"2020-09-30T14:24:41","date_gmt":"2020-09-30T12:24:41","guid":{"rendered":"http:\/\/admiralhotel.dk\/de\/?page_id=530"},"modified":"2026-02-17T09:53:45","modified_gmt":"2026-02-17T08:53:45","slug":"umwelt","status":"publish","type":"page","link":"https:\/\/admiralhotel.dk\/de\/umwelt\/","title":{"rendered":"Umwelt"},"content":{"rendered":"","protected":false},"excerpt":{"rendered":"","protected":false},"author":1,"featured_media":0,"parent":0,"menu_order":0,"comment_status":"closed","ping_status":"closed","template":"","meta":{"_acf_changed":false,"footnotes":""},"class_list":["post-530","page","type-page","status-publish"],"acf":[],"yoast_head":"<!-- This site is optimized with the Yoast SEO plugin v27.4 - https:\/\/yoast.com\/product\/yoast-seo-wordpress\/ -->\n<title>Erfahren Sie mehr \u00fcber unsere zahlreichen Umweltinitiativen<\/title>\n<meta name=\"description\" content=\"Als Gast im Admiral Hotel sind Sie in gr\u00fcnen H\u00e4nden \u2013 so k\u00f6nnen Sie mit gutem Gewissen schlafen. Umweltschutz ist ein zentraler Bestandteil der Vision unseres Hotels.\" \/>\n<meta name=\"robots\" content=\"index, follow, max-snippet:-1, max-image-preview:large, max-video-preview:-1\" \/>\n<meta property=\"og:locale\" content=\"de_DE\" \/>\n<meta property=\"og:type\" content=\"article\" \/>\n<meta property=\"og:title\" content=\"Erfahren Sie mehr \u00fcber unsere zahlreichen Umweltinitiativen\" \/>\n<meta property=\"og:description\" content=\"Als Gast im Admiral Hotel sind Sie in gr\u00fcnen H\u00e4nden \u2013 so k\u00f6nnen Sie mit gutem Gewissen schlafen. Umweltschutz ist ein zentraler Bestandteil der Vision unseres Hotels.\" \/>\n<meta property=\"og:url\" content=\"https:\/\/admiralhotel.dk\/de\/umwelt\/\" \/>\n<meta property=\"og:site_name\" content=\"Admiral Hotel Kopenhagen\" \/>\n<meta property=\"article:publisher\" content=\"https:\/\/www.facebook.com\/admiralhotelcopenhagen\" \/>\n<meta property=\"article:modified_time\" content=\"2026-02-17T08:53:45+00:00\" \/>\n<meta name=\"twitter:card\" content=\"summary_large_image\" \/>\n<script type=\"application\/ld+json\" class=\"yoast-schema-graph\">{\"@context\":\"https:\\\/\\\/schema.org\",\"@graph\":[{\"@type\":\"WebPage\",\"@id\":\"https:\\\/\\\/admiralhotel.dk\\\/de\\\/umwelt\\\/\",\"url\":\"https:\\\/\\\/admiralhotel.dk\\\/de\\\/umwelt\\\/\",\"name\":\"Erfahren Sie mehr \u00fcber unsere zahlreichen Umweltinitiativen\",\"isPartOf\":{\"@id\":\"https:\\\/\\\/admiralhotel.dk\\\/de\\\/#website\"},\"datePublished\":\"2020-09-30T12:24:41+00:00\",\"dateModified\":\"2026-02-17T08:53:45+00:00\",\"description\":\"Als Gast im Admiral Hotel sind Sie in gr\u00fcnen H\u00e4nden \u2013 so k\u00f6nnen Sie mit gutem Gewissen schlafen. Umweltschutz ist ein zentraler Bestandteil der Vision unseres Hotels.\",\"breadcrumb\":{\"@id\":\"https:\\\/\\\/admiralhotel.dk\\\/de\\\/umwelt\\\/#breadcrumb\"},\"inLanguage\":\"de-DE\",\"potentialAction\":[{\"@type\":\"ReadAction\",\"target\":[\"https:\\\/\\\/admiralhotel.dk\\\/de\\\/umwelt\\\/\"]}]},{\"@type\":\"BreadcrumbList\",\"@id\":\"https:\\\/\\\/admiralhotel.dk\\\/de\\\/umwelt\\\/#breadcrumb\",\"itemListElement\":[{\"@type\":\"ListItem\",\"position\":1,\"name\":\"Home\",\"item\":\"https:\\\/\\\/admiralhotel.dk\\\/de\\\/\"},{\"@type\":\"ListItem\",\"position\":2,\"name\":\"Umwelt\"}]},{\"@type\":\"WebSite\",\"@id\":\"https:\\\/\\\/admiralhotel.dk\\\/de\\\/#website\",\"url\":\"https:\\\/\\\/admiralhotel.dk\\\/de\\\/\",\"name\":\"Admiral Hotel Kopenhagen\",\"description\":\"\",\"publisher\":{\"@id\":\"https:\\\/\\\/admiralhotel.dk\\\/de\\\/#organization\"},\"alternateName\":\"Admiral Hotel\",\"potentialAction\":[{\"@type\":\"SearchAction\",\"target\":{\"@type\":\"EntryPoint\",\"urlTemplate\":\"https:\\\/\\\/admiralhotel.dk\\\/de\\\/?s={search_term_string}\"},\"query-input\":{\"@type\":\"PropertyValueSpecification\",\"valueRequired\":true,\"valueName\":\"search_term_string\"}}],\"inLanguage\":\"de-DE\"},{\"@type\":\"Organization\",\"@id\":\"https:\\\/\\\/admiralhotel.dk\\\/de\\\/#organization\",\"name\":\"Admiral Hotel Copenhagen\",\"alternateName\":\"Admiral Hotel\",\"url\":\"https:\\\/\\\/admiralhotel.dk\\\/de\\\/\",\"logo\":{\"@type\":\"ImageObject\",\"inLanguage\":\"de-DE\",\"@id\":\"https:\\\/\\\/admiralhotel.dk\\\/de\\\/#\\\/schema\\\/logo\\\/image\\\/\",\"url\":\"https:\\\/\\\/admiralhotel.dk\\\/de\\\/wp-content\\\/uploads\\\/sites\\\/5\\\/2022\\\/12\\\/admiral-logo-black.svg\",\"contentUrl\":\"https:\\\/\\\/admiralhotel.dk\\\/de\\\/wp-content\\\/uploads\\\/sites\\\/5\\\/2022\\\/12\\\/admiral-logo-black.svg\",\"caption\":\"Admiral Hotel Copenhagen\"},\"image\":{\"@id\":\"https:\\\/\\\/admiralhotel.dk\\\/de\\\/#\\\/schema\\\/logo\\\/image\\\/\"},\"sameAs\":[\"https:\\\/\\\/www.facebook.com\\\/admiralhotelcopenhagen\"]}]}<\/script>\n<!-- \/ Yoast SEO plugin. -->","yoast_head_json":{"title":"Erfahren Sie mehr \u00fcber unsere zahlreichen Umweltinitiativen","description":"Als Gast im Admiral Hotel sind Sie in gr\u00fcnen H\u00e4nden \u2013 so k\u00f6nnen Sie mit gutem Gewissen schlafen. Umweltschutz ist ein zentraler Bestandteil der Vision unseres Hotels.","robots":{"index":"index","follow":"follow","max-snippet":"max-snippet:-1","max-image-preview":"max-image-preview:large","max-video-preview":"max-video-preview:-1"},"og_locale":"de_DE","og_type":"article","og_title":"Erfahren Sie mehr \u00fcber unsere zahlreichen Umweltinitiativen","og_description":"Als Gast im Admiral Hotel sind Sie in gr\u00fcnen H\u00e4nden \u2013 so k\u00f6nnen Sie mit gutem Gewissen schlafen. Umweltschutz ist ein zentraler Bestandteil der Vision unseres Hotels.","og_url":"https:\/\/admiralhotel.dk\/de\/umwelt\/","og_site_name":"Admiral Hotel Kopenhagen","article_publisher":"https:\/\/www.facebook.com\/admiralhotelcopenhagen","article_modified_time":"2026-02-17T08:53:45+00:00","twitter_card":"summary_large_image","schema":{"@context":"https:\/\/schema.org","@graph":[{"@type":"WebPage","@id":"https:\/\/admiralhotel.dk\/de\/umwelt\/","url":"https:\/\/admiralhotel.dk\/de\/umwelt\/","name":"Erfahren Sie mehr \u00fcber unsere zahlreichen Umweltinitiativen","isPartOf":{"@id":"https:\/\/admiralhotel.dk\/de\/#website"},"datePublished":"2020-09-30T12:24:41+00:00","dateModified":"2026-02-17T08:53:45+00:00","description":"Als Gast im Admiral Hotel sind Sie in gr\u00fcnen H\u00e4nden \u2013 so k\u00f6nnen Sie mit gutem Gewissen schlafen. Umweltschutz ist ein zentraler Bestandteil der Vision unseres Hotels.","breadcrumb":{"@id":"https:\/\/admiralhotel.dk\/de\/umwelt\/#breadcrumb"},"inLanguage":"de-DE","potentialAction":[{"@type":"ReadAction","target":["https:\/\/admiralhotel.dk\/de\/umwelt\/"]}]},{"@type":"BreadcrumbList","@id":"https:\/\/admiralhotel.dk\/de\/umwelt\/#breadcrumb","itemListElement":[{"@type":"ListItem","position":1,"name":"Home","item":"https:\/\/admiralhotel.dk\/de\/"},{"@type":"ListItem","position":2,"name":"Umwelt"}]},{"@type":"WebSite","@id":"https:\/\/admiralhotel.dk\/de\/#website","url":"https:\/\/admiralhotel.dk\/de\/","name":"Admiral Hotel Kopenhagen","description":"","publisher":{"@id":"https:\/\/admiralhotel.dk\/de\/#organization"},"alternateName":"Admiral Hotel","potentialAction":[{"@type":"SearchAction","target":{"@type":"EntryPoint","urlTemplate":"https:\/\/admiralhotel.dk\/de\/?s={search_term_string}"},"query-input":{"@type":"PropertyValueSpecification","valueRequired":true,"valueName":"search_term_string"}}],"inLanguage":"de-DE"},{"@type":"Organization","@id":"https:\/\/admiralhotel.dk\/de\/#organization","name":"Admiral Hotel Copenhagen","alternateName":"Admiral Hotel","url":"https:\/\/admiralhotel.dk\/de\/","logo":{"@type":"ImageObject","inLanguage":"de-DE","@id":"https:\/\/admiralhotel.dk\/de\/#\/schema\/logo\/image\/","url":"https:\/\/admiralhotel.dk\/de\/wp-content\/uploads\/sites\/5\/2022\/12\/admiral-logo-black.svg","contentUrl":"https:\/\/admiralhotel.dk\/de\/wp-content\/uploads\/sites\/5\/2022\/12\/admiral-logo-black.svg","caption":"Admiral Hotel Copenhagen"},"image":{"@id":"https:\/\/admiralhotel.dk\/de\/#\/schema\/logo\/image\/"},"sameAs":["https:\/\/www.facebook.com\/admiralhotelcopenhagen"]}]}},"_links":{"self":[{"href":"https:\/\/admiralhotel.dk\/de\/wp-json\/wp\/v2\/pages\/530","targetHints":{"allow":["GET"]}}],"collection":[{"href":"https:\/\/admiralhotel.dk\/de\/wp-json\/wp\/v2\/pages"}],"about":[{"href":"https:\/\/admiralhotel.dk\/de\/wp-json\/wp\/v2\/types\/page"}],"author":[{"embeddable":true,"href":"https:\/\/admiralhotel.dk\/de\/wp-json\/wp\/v2\/users\/1"}],"replies":[{"embeddable":true,"href":"https:\/\/admiralhotel.dk\/de\/wp-json\/wp\/v2\/comments?post=530"}],"version-history":[{"count":28,"href":"https:\/\/admiralhotel.dk\/de\/wp-json\/wp\/v2\/pages\/530\/revisions"}],"predecessor-version":[{"id":7467,"href":"https:\/\/admiralhotel.dk\/de\/wp-json\/wp\/v2\/pages\/530\/revisions\/7467"}],"wp:attachment":[{"href":"https:\/\/admiralhotel.dk\/de\/wp-json\/wp\/v2\/media?parent=530"}],"curies":[{"name":"wp","href":"https:\/\/api.w.org\/{rel}","templated":true}]}}